{"id":281,"date":"2020-09-10T11:28:04","date_gmt":"2020-09-10T11:28:04","guid":{"rendered":"http:\/\/donorlandocoffee.co\/?page_id=281"},"modified":"2022-09-08T13:48:12","modified_gmt":"2022-09-08T13:48:12","slug":"about","status":"publish","type":"page","link":"https:\/\/donorlandocoffee.co\/es\/about\/","title":{"rendered":"Nosotros"},"content":{"rendered":"<div data-elementor-type=\"wp-page\" data-elementor-id=\"281\" class=\"elementor elementor-281\">\n\t\t\t\t\t\t<section class=\"elementor-section elementor-top-section elementor-element elementor-element-d0ea585 elementor-section-boxed elementor-section-height-default elementor-section-height-default\" data-id=\"d0ea585\" data-element_type=\"section\" data-e-type=\"section\">\n\t\t\t\t\t\t<div class=\"elementor-container elementor-column-gap-default\">\n\t\t\t\t\t<div class=\"elementor-column elementor-col-66 elementor-top-column elementor-element elementor-element-6918eaa\" data-id=\"6918eaa\" data-element_type=\"column\" data-e-type=\"column\">\n\t\t\t<div class=\"elementor-widget-wrap elementor-element-populated\">\n\t\t\t\t\t\t<div class=\"elementor-element elementor-element-8dc893b elementor-widget elementor-widget-heading\" data-id=\"8dc893b\" data-element_type=\"widget\" data-e-type=\"widget\" data-widget_type=\"heading.default\">\n\t\t\t\t<div class=\"elementor-widget-container\">\n\t\t\t\t\t<h2 class=\"elementor-heading-title elementor-size-default\"><br><br><br>Nosotros<\/h2>\t\t\t\t<\/div>\n\t\t\t\t<\/div>\n\t\t\t\t<div class=\"elementor-element elementor-element-80e3a10 elementor-widget elementor-widget-text-editor\" data-id=\"80e3a10\" data-element_type=\"widget\" data-e-type=\"widget\" data-widget_type=\"text-editor.default\">\n\t\t\t\t<div class=\"elementor-widget-container\">\n\t\t\t\t\t\t\t\t\t<p style=\"text-align: justify;\">El caf\u00e9 Don Orlando es originario del coraz\u00f3n de la regi\u00f3n cafetera colombiana: el municipio de Caicedonia, Valle del Cauca. Su calidad excelsa es el resultado de unas \u00f3ptimas condiciones clim\u00e1ticas y de suelo, sumadas a un riguroso proceso de selecci\u00f3n y manejo del grano desde su recolecci\u00f3n hasta su empacado final. Los granos se recolectan en su madurez.&nbsp;<\/p>\n<p style=\"text-align: justify;\">Luego de una selecci\u00f3n de flotes, se despulpa y se somete a una fermentaci\u00f3n prolongada. A continuaci\u00f3n se lava y se da inicio a su secado al sol, etapa que toma aproximadamente dos semanas. Enseguida se deja reposar antes de iniciar la tosti\u00f3n.<\/p>\n<p style=\"text-align: justify;\" class=\"translation-block\">Cada una de las etapas del proceso de nuestro caf\u00e9 est\u00e1 a cargo de profesionales con gran experiencia y conocimiento de su oficio. De la mano de diferentes caficultores de la regi\u00f3n queremos consolidar en el coraz\u00f3n de la regi\u00f3n cafetera colombiana una caficultura sostenible, \u00e9tica, productiva y amigable con el medio ambiente. Estamos convencidos de que esa es la mejor manera de llevar bienestar a los peque\u00f1os productores, sus familias y sus comunidades. El caf\u00e9 Don Orlando busca promover el consumo del mejor caf\u00e9 tradicional y especial de la regi\u00f3n cafetera.<\/p><p style=\"text-align: justify;\"><span style=\"font-size: 14px;\">Con el caf\u00e9 Don Orlando queremos rendir homenaje a la memoria de nuestro padre, Orlando Rojas; a su ejemplo de vida, a su inspiraci\u00f3n\u2026, gracias pap\u00e1.<\/span><\/p>\t\t\t\t\t\t\t\t<\/div>\n\t\t\t\t<\/div>\n\t\t\t\t\t<\/div>\n\t\t<\/div>\n\t\t\t\t<div class=\"elementor-column elementor-col-33 elementor-top-column elementor-element elementor-element-eb6578a\" data-id=\"eb6578a\" data-element_type=\"column\" data-e-type=\"column\">\n\t\t\t<div class=\"elementor-widget-wrap elementor-element-populated\">\n\t\t\t\t\t\t<div class=\"elementor-element elementor-element-833beb4 elementor-widget elementor-widget-image\" data-id=\"833beb4\" data-element_type=\"widget\" data-e-type=\"widget\" data-widget_type=\"image.default\">\n\t\t\t\t<div class=\"elementor-widget-container\">\n\t\t\t\t\t\t\t\t\t\t\t\t\t\t\t<img fetchpriority=\"high\" decoding=\"async\" width=\"330\" height=\"500\" src=\"https:\/\/donorlandocoffee.co\/wp-content\/uploads\/2021\/12\/don-Orlando.png\" class=\"attachment-large size-large wp-image-515\" alt=\"\" srcset=\"https:\/\/donorlandocoffee.co\/wp-content\/uploads\/2021\/12\/don-Orlando.png 330w, https:\/\/donorlandocoffee.co\/wp-content\/uploads\/2021\/12\/don-Orlando-198x300.png 198w, https:\/\/donorlandocoffee.co\/wp-content\/uploads\/2021\/12\/don-Orlando-8x12.png 8w\" sizes=\"(max-width: 330px) 100vw, 330px\" \/>\t\t\t\t\t\t\t\t\t\t\t\t\t\t\t<\/div>\n\t\t\t\t<\/div>\n\t\t\t\t\t<\/div>\n\t\t<\/div>\n\t\t\t\t\t<\/div>\n\t\t<\/section>\n\t\t\t\t<\/div>","protected":false},"excerpt":{"rendered":"<p>About Don Orlando coffee originates from the heart of the Colombian coffee region: the municipality of Caicedonia, Valle del Cauca. Its excellent quality results from optimal climatic and soil conditions added to a rigorous process of selection and handling of the grain from its harvest to its final packaging. The grains are harvested when ripe.&nbsp; [&hellip;]<\/p>\n","protected":false},"author":1,"featured_media":0,"parent":0,"menu_order":0,"comment_status":"closed","ping_status":"closed","template":"","meta":{"ocean_post_layout":"","ocean_both_sidebars_style":"","ocean_both_sidebars_content_width":0,"ocean_both_sidebars_sidebars_width":0,"ocean_sidebar":"0","ocean_second_sidebar":"0","ocean_disable_margins":"enable","ocean_add_body_class":"","ocean_shortcode_before_top_bar":"","ocean_shortcode_after_top_bar":"","ocean_shortcode_before_header":"","ocean_shortcode_after_header":"[smartslider3 slider=\"3\"]","ocean_has_shortcode":"","ocean_shortcode_after_title":"","ocean_shortcode_before_footer_widgets":"","ocean_shortcode_after_footer_widgets":"","ocean_shortcode_before_footer_bottom":"","ocean_shortcode_after_footer_bottom":"","ocean_display_top_bar":"default","ocean_display_header":"default","ocean_header_style":"transparent","ocean_center_header_left_menu":"0","ocean_custom_header_template":"0","ocean_custom_logo":0,"ocean_custom_retina_logo":0,"ocean_custom_logo_max_width":0,"ocean_custom_logo_tablet_max_width":0,"ocean_custom_logo_mobile_max_width":0,"ocean_custom_logo_max_height":0,"ocean_custom_logo_tablet_max_height":0,"ocean_custom_logo_mobile_max_height":0,"ocean_header_custom_menu":"0","ocean_menu_typo_font_family":"Work Sans","ocean_menu_typo_font_subset":"","ocean_menu_typo_font_size":null,"ocean_menu_typo_font_size_tablet":0,"ocean_menu_typo_font_size_mobile":0,"ocean_menu_typo_font_size_unit":"px","ocean_menu_typo_font_weight":"500","ocean_menu_typo_font_weight_tablet":"","ocean_menu_typo_font_weight_mobile":"","ocean_menu_typo_transform":"","ocean_menu_typo_transform_tablet":"","ocean_menu_typo_transform_mobile":"","ocean_menu_typo_line_height":0,"ocean_menu_typo_line_height_tablet":0,"ocean_menu_typo_line_height_mobile":0,"ocean_menu_typo_line_height_unit":"","ocean_menu_typo_spacing":0,"ocean_menu_typo_spacing_tablet":0,"ocean_menu_typo_spacing_mobile":0,"ocean_menu_typo_spacing_unit":"","ocean_menu_link_color":"","ocean_menu_link_color_hover":"","ocean_menu_link_color_active":"","ocean_menu_link_background":"","ocean_menu_link_hover_background":"","ocean_menu_link_active_background":"","ocean_menu_social_links_bg":"","ocean_menu_social_hover_links_bg":"","ocean_menu_social_links_color":"","ocean_menu_social_hover_links_color":"","ocean_disable_title":"on","ocean_disable_heading":"default","ocean_post_title":"","ocean_post_subheading":"","ocean_post_title_style":"","ocean_post_title_background_color":"","ocean_post_title_background":0,"ocean_post_title_bg_image_position":"","ocean_post_title_bg_image_attachment":"","ocean_post_title_bg_image_repeat":"","ocean_post_title_bg_image_size":"","ocean_post_title_height":0,"ocean_post_title_bg_overlay":0.5,"ocean_post_title_bg_overlay_color":"","ocean_disable_breadcrumbs":"off","ocean_breadcrumbs_color":"","ocean_breadcrumbs_separator_color":"","ocean_breadcrumbs_links_color":"","ocean_breadcrumbs_links_hover_color":"","ocean_display_footer_widgets":"default","ocean_display_footer_bottom":"default","ocean_custom_footer_template":"0","_themeisle_gutenberg_block_has_review":false,"footnotes":""},"class_list":["post-281","page","type-page","status-publish","hentry","entry","owp-thumbs-layout-horizontal","owp-btn-normal","owp-tabs-layout-horizontal","has-no-thumbnails","has-product-nav"],"aioseo_notices":[],"_links":{"self":[{"href":"https:\/\/donorlandocoffee.co\/es\/wp-json\/wp\/v2\/pages\/281","targetHints":{"allow":["GET"]}}],"collection":[{"href":"https:\/\/donorlandocoffee.co\/es\/wp-json\/wp\/v2\/pages"}],"about":[{"href":"https:\/\/donorlandocoffee.co\/es\/wp-json\/wp\/v2\/types\/page"}],"author":[{"embeddable":true,"href":"https:\/\/donorlandocoffee.co\/es\/wp-json\/wp\/v2\/users\/1"}],"replies":[{"embeddable":true,"href":"https:\/\/donorlandocoffee.co\/es\/wp-json\/wp\/v2\/comments?post=281"}],"version-history":[{"count":44,"href":"https:\/\/donorlandocoffee.co\/es\/wp-json\/wp\/v2\/pages\/281\/revisions"}],"predecessor-version":[{"id":605,"href":"https:\/\/donorlandocoffee.co\/es\/wp-json\/wp\/v2\/pages\/281\/revisions\/605"}],"wp:attachment":[{"href":"https:\/\/donorlandocoffee.co\/es\/wp-json\/wp\/v2\/media?parent=281"}],"curies":[{"name":"wp","href":"https:\/\/api.w.org\/{rel}","templated":true}]}}